{"id":1277,"date":"2021-04-18T04:28:06","date_gmt":"2021-04-18T04:28:06","guid":{"rendered":"https:\/\/instyledecoparis.com\/contact\/"},"modified":"2025-08-01T12:01:52","modified_gmt":"2025-08-01T05:01:52","slug":"contact","status":"publish","type":"page","link":"https:\/\/instyledecoparis.com\/fr\/contact\/","title":{"rendered":"Contact"},"content":{"rendered":"\n\n\t\t\t<p>Instyle Deco Paris<\/p><h3>Contact<\/h3>\t\t\t\n\t\t\t<h3>Prendre contact avec nous. Parlons de vos projets !<\/h3>\t\t\t\n\t\t\t\t<p>N&rsquo;h\u00e9sitez pas \u00e0 nous contacter pour organiser une consultation ou discuter de votre projet plus en d\u00e9tail.<\/p>\n\t<p>Laissez-nous vous contacter.<\/p>\n\t<div class=\"forminator-ui forminator-custom-form forminator-custom-form-6496 forminator-design--default  forminator_ajax\" data-forminator-render=\"0\" data-form=\"forminator-module-6496\" data-uid=\"69d394658dc14\"><br\/><\/div><form\r\n\t\t\t\tid=\"forminator-module-6496\"\r\n\t\t\t\tclass=\"forminator-ui forminator-custom-form forminator-custom-form-6496 forminator-design--default  forminator_ajax\"\r\n\t\t\t\tmethod=\"post\"\r\n\t\t\t\tdata-forminator-render=\"0\"\r\n\t\t\t\tdata-form-id=\"6496\"\r\n\t\t\t\t data-color-option=\"theme\" data-design=\"default\" data-grid=\"open\" style=\"display: none;\"\r\n\t\t\t\tdata-uid=\"69d394658dc14\"\r\n\t\t\t><div role=\"alert\" aria-live=\"polite\" class=\"forminator-response-message forminator-error\" aria-hidden=\"true\"><\/div><div class=\"forminator-row\"><div id=\"name-1\" class=\"forminator-field-name forminator-col forminator-col-12 \"><div class=\"forminator-field\"><input type=\"text\" name=\"name-1\" value=\"\" placeholder=\"Nom\" id=\"forminator-field-name-1_69d394658dc14\" class=\"forminator-input forminator-name--field\" aria-required=\"true\" autocomplete=\"name\" \/><\/div><\/div><\/div><div class=\"forminator-row\"><div id=\"email-1\" class=\"forminator-field-email forminator-col forminator-col-12 \"><div class=\"forminator-field\"><input type=\"email\" name=\"email-1\" value=\"\" placeholder=\"Adresse E-mail\" id=\"forminator-field-email-1_69d394658dc14\" class=\"forminator-input forminator-email--field\" data-required=\"true\" aria-required=\"true\" autocomplete=\"email\" \/><\/div><\/div><\/div><div class=\"forminator-row\"><div id=\"phone-1\" class=\"forminator-field-phone forminator-col forminator-col-12 \"><div class=\"forminator-field\"><input type=\"text\" name=\"phone-1\" value=\"\" placeholder=\"Num\u00e9ro de t\u00e9l\u00e9phone\" id=\"forminator-field-phone-1_69d394658dc14\" class=\"forminator-input forminator-field--phone\" data-required=\"\" aria-required=\"false\" autocomplete=\"off\" \/><\/div><\/div><\/div><div class=\"forminator-row\"><div id=\"textarea-1\" class=\"forminator-field-textarea forminator-col forminator-col-12 \"><div class=\"forminator-field\"><textarea name=\"textarea-1\" placeholder=\"Message\" id=\"forminator-field-textarea-1_69d394658dc14\" class=\"forminator-textarea\" rows=\"6\" style=\"min-height:140px;\" ><\/textarea><\/div><\/div><\/div><div class=\"forminator-row\" style=\"margin: 0;\"><div id=\"captcha-1\" class=\"forminator-field-captcha  forminator-col-12 \"><div class=\"forminator-captcha-center forminator-g-recaptcha recaptcha-invisible\" data-theme=\"light\" data-badge=\"bottomright\" data-sitekey=\"6Lcmz6IcAAAAACpxCEnQICr0aw65_pNk0t7wiPEW\" data-size=\"invisible\"><\/div> <\/div><\/div><input type=\"hidden\" name=\"referer_url\" value=\"\" \/><div class=\"forminator-row forminator-row-last\"><div class=\"forminator-col\"><div class=\"forminator-field\"><button class=\"forminator-button forminator-button-submit form-submit\">Submit<\/button><\/div><\/div><\/div><input type=\"hidden\" id=\"forminator_nonce\" name=\"forminator_nonce\" value=\"53b89ba0de\" \/><input type=\"hidden\" name=\"_wp_http_referer\" value=\"\/fr\/wp-json\/wp\/v2\/pages\/1277\" \/><input type=\"hidden\" name=\"form_id\" value=\"6496\"><input type=\"hidden\" name=\"page_id\" value=\"1277\"><input type=\"hidden\" name=\"form_type\" value=\"default\"><input type=\"hidden\" name=\"current_url\" value=\"https:\/\/instyledecoparis.com\/fr\/contact\/\"><input type=\"hidden\" name=\"render_id\" value=\"0\"><input type=\"hidden\" name=\"action\" value=\"forminator_submit_form_custom-forms\"><label for=\"input_5\" class=\"forminator-hidden\" aria-hidden=\"true\">Please do not fill in this field. <input id=\"input_5\" type=\"text\" name=\"input_5\" value=\"\" autocomplete=\"off\"><\/label><\/form>\n\t<p>D\u00e9tails du contact<\/p>\n\t<ul>\n\t\t<li><a href=\"tel:+66887516792\" target=\"_self\"  aria-label=\"Aller \u00e0 tel:+66887516792\">\t\t\n\t\t\t\t<img decoding=\"async\" src=\"https:\/\/instyledecoparis.com\/wp-content\/uploads\/2021\/07\/call-icon.png\" alt=\"call-icon\" title=\"call-icon\" itemprop=\"image\"\/>\n\t\tFR : 088-751-6792<\/a><\/li><li><a href=\"tel:+66922516180\" target=\"_self\"  aria-label=\"Aller \u00e0 tel:+66922516180\">\t\t\n\t\t\t\t<img decoding=\"async\" src=\"https:\/\/instyledecoparis.com\/wp-content\/uploads\/2021\/07\/call-icon.png\" alt=\"call-icon\" title=\"call-icon\" itemprop=\"image\"\/>\n\t\tTH : 092-251-6180<\/a><\/li><li><a href=\"mailto:instyledecoparis@gmail.com\" target=\"_self\"  aria-label=\"Aller \u00e0 mailto:instyledecoparis@gmail.com\">\t\t\n\t\t\t\t<img decoding=\"async\" src=\"https:\/\/instyledecoparis.com\/wp-content\/uploads\/2021\/07\/mail-icon.png\" alt=\"mail-icon\" title=\"mail-icon\" itemprop=\"image\"\/>\n\t\tinstyledecoparis@gmail.com<\/a><\/li><li><a href=\"https:\/\/g.page\/InstyleDecoParis?share\" target=\"_self\"  aria-label=\"Aller \u00e0 https:\/\/g.page\/InstyleDecoParis?share\">\t\t\n\t\t\t\t<img decoding=\"async\" src=\"https:\/\/instyledecoparis.com\/wp-content\/uploads\/2021\/07\/location-icon.png\" alt=\"location-icon\" title=\"location-icon\" itemprop=\"image\"\/>\n\t\tInstyle Deco Paris,<br \/> Metropolis Building, 725 Sukhumvit Rd,  Khlong Tan, Khlong Toei, Bangkok 10110<br \/>\n<\/a><\/li>\t<\/ul>\n\n","protected":false},"excerpt":{"rendered":"<p>Instyle Deco Paris Contact Prendre contact avec nous. Parlons de vos projets ! N&rsquo;h\u00e9sitez pas \u00e0 nous contacter pour organiser une consultation ou discuter de votre projet plus en d\u00e9tail. Laissez-nous vous contacter. D\u00e9tails du contact FR : 088-751-6792 TH : 092-251-6180 instyledecoparis@gmail.com Instyle Deco Paris, Metropolis Building, 725 Sukhumvit Rd, Khlong Tan, Khlong Toei, [&hellip;]<\/p>\n","protected":false},"author":1,"featured_media":0,"parent":0,"menu_order":0,"comment_status":"closed","ping_status":"closed","template":"","meta":{"_seopress_robots_primary_cat":"","_seopress_titles_title":"","_seopress_titles_desc":"","_seopress_robots_index":"","site-sidebar-layout":"no-sidebar","site-content-layout":"page-builder","ast-site-content-layout":"default","site-content-style":"default","site-sidebar-style":"default","ast-global-header-display":"","ast-banner-title-visibility":"","ast-main-header-display":"","ast-hfb-above-header-display":"","ast-hfb-below-header-display":"","ast-hfb-mobile-header-display":"","site-post-title":"disabled","ast-breadcrumbs-content":"disabled","ast-featured-img":"disabled","footer-sml-layout":"","ast-disable-related-posts":"","theme-transparent-header-meta":"enabled","adv-header-id-meta":"","stick-header-meta":"default","header-above-stick-meta":"","header-main-stick-meta":"","header-below-stick-meta":"","astra-migrate-meta-layouts":"default","ast-page-background-enabled":"default","ast-page-background-meta":{"desktop":{"background-color":"","background-image":"","background-repeat":"repeat","background-position":"center center","background-size":"auto","background-attachment":"scroll","background-type":"","background-media":"","overlay-type":"","overlay-color":"","overlay-opacity":"","overlay-gradient":""},"tablet":{"background-color":"","background-image":"","background-repeat":"repeat","background-position":"center center","background-size":"auto","background-attachment":"scroll","background-type":"","background-media":"","overlay-type":"","overlay-color":"","overlay-opacity":"","overlay-gradient":""},"mobile":{"background-color":"","background-image":"","background-repeat":"repeat","background-position":"center center","background-size":"auto","background-attachment":"scroll","background-type":"","background-media":"","overlay-type":"","overlay-color":"","overlay-opacity":"","overlay-gradient":""}},"ast-content-background-meta":{"desktop":{"background-color":"var(--ast-global-color-5)","background-image":"","background-repeat":"repeat","background-position":"center center","background-size":"auto","background-attachment":"scroll","background-type":"","background-media":"","overlay-type":"","overlay-color":"","overlay-opacity":"","overlay-gradient":""},"tablet":{"background-color":"var(--ast-global-color-5)","background-image":"","background-repeat":"repeat","background-position":"center center","background-size":"auto","background-attachment":"scroll","background-type":"","background-media":"","overlay-type":"","overlay-color":"","overlay-opacity":"","overlay-gradient":""},"mobile":{"background-color":"var(--ast-global-color-5)","background-image":"","background-repeat":"repeat","background-position":"center center","background-size":"auto","background-attachment":"scroll","background-type":"","background-media":"","overlay-type":"","overlay-color":"","overlay-opacity":"","overlay-gradient":""}},"footnotes":""},"class_list":["post-1277","page","type-page","status-publish","hentry"],"_links":{"self":[{"href":"https:\/\/instyledecoparis.com\/fr\/wp-json\/wp\/v2\/pages\/1277","targetHints":{"allow":["GET"]}}],"collection":[{"href":"https:\/\/instyledecoparis.com\/fr\/wp-json\/wp\/v2\/pages"}],"about":[{"href":"https:\/\/instyledecoparis.com\/fr\/wp-json\/wp\/v2\/types\/page"}],"author":[{"embeddable":true,"href":"https:\/\/instyledecoparis.com\/fr\/wp-json\/wp\/v2\/users\/1"}],"replies":[{"embeddable":true,"href":"https:\/\/instyledecoparis.com\/fr\/wp-json\/wp\/v2\/comments?post=1277"}],"version-history":[{"count":0,"href":"https:\/\/instyledecoparis.com\/fr\/wp-json\/wp\/v2\/pages\/1277\/revisions"}],"wp:attachment":[{"href":"https:\/\/instyledecoparis.com\/fr\/wp-json\/wp\/v2\/media?parent=1277"}],"curies":[{"name":"wp","href":"https:\/\/api.w.org\/{rel}","templated":true}]}}