{"id":1286,"date":"2021-07-22T07:02:26","date_gmt":"2021-07-22T07:02:26","guid":{"rendered":"https:\/\/instyledecoparis.com\/3d-designs\/"},"modified":"2022-08-01T09:17:34","modified_gmt":"2022-08-01T02:17:34","slug":"3d-design-rendering","status":"publish","type":"page","link":"https:\/\/instyledecoparis.com\/fr\/3d-design-rendering\/","title":{"rendered":"3D Designs"},"content":{"rendered":"\n\n\t\t\t<p>Instyle Deco Paris<\/p><h3>3D Interior Design<\/h3>\t\t\t\n\t<p>Apr\u00e8s la consultation initiale et la prise de l&rsquo;ensemble des cotations ainsi que les d\u00e9tails de votre espace int\u00e9rieur, de vos choix en mati\u00e8re de d\u00e9coration, nous allons commencer la mise en plan 2D de la partie second \u0153uvre : murs, cloisons, menuiseries, portes, fen\u00eatres, le sol, le plafond. Ainsi, nous allons pouvoir dessiner un plan de sol avec le sens des ouvertures et l&rsquo;ensemble des \u00e9l\u00e9vations.<\/p>\n<p>A partir de l\u00e0, nous allons pouvoir, gr\u00e2ce \u00e0 nos puissants logiciels, commencer la mod\u00e9lisation 3D de votre espace. Votre int\u00e9rieur prend forme.<\/p>\n\t<p>Maintenant, la cr\u00e9ation commence. Nous allons choisir selon vos go\u00fbts et vos souhaits, le carrelage ou le parquet, les couleurs des murs, du plafond, le choix des lumi\u00e8res, nous allons cr\u00e9er votre propre design et ainsi commencer \u00e0 mod\u00e9liser chaque meuble, cuisine, salle de bains, salon, dressing, et d\u00e9corations diverses.<\/p>\n<p>Lors d&rsquo;une deuxi\u00e8me consultation, nous s\u00e9lectionnons ensemble le design souhait\u00e9, les modifications \u00e9ventuelles, le choix d\u00e9finitif des mat\u00e9riaux suivant les \u00e9chantillons, bois, laque, peinture, parquet, carrelage, luminaire. Ainsi, nous allons pouvoir appliquer les textures \u00e0 notre mod\u00e9lisation et ainsi cr\u00e9er un rendu 3D photo r\u00e9aliste. Votre r\u00eave devient r\u00e9alit\u00e9 !<\/p>\n\t\t\t<h3>Nous offrons un package complet, les plans et d\u00e9tails de l&rsquo;int\u00e9rieur, perspective 3D avec  plusieurs angles de vue.<\/h3>\t\t\t\n\t\t\t\t\t\t\t\t\t\t\t\t<img decoding=\"async\" src=\"https:\/\/instyledecoparis.com\/wp-content\/uploads\/2021\/09\/hand-drawn-interior-design-1.jpg\" alt=\"\"\/>\n\t\t\t\t\t\t\t\t\t\t\t\t<img decoding=\"async\" src=\"https:\/\/instyledecoparis.com\/wp-content\/uploads\/2021\/09\/render-of-interior-design.jpg\" alt=\"\"\/>\n\t\t\t<h3>Pourquoi cr\u00e9er un environnement 3D ?<\/h3>\t\t\t\n\t\t\t\t<ul>\n<li>Visualisation parfaite de votre projet d&rsquo;int\u00e9rieur<\/li>\n<li>Cela \u00e9vite les oublis et les erreurs et offre la possibilit\u00e9 de changer les mat\u00e9riaux et couleurs<\/li>\n<li>Votre investissement est rentabilis\u00e9 par un gain de temps dans l&rsquo;ex\u00e9cution de vos projets<\/li>\n<li>Et surtout, cela permet de r\u00e9duire les erreurs et les oublis dans le projet.<\/li>\n<\/ul>\n\t\t\t\t<img loading=\"lazy\" decoding=\"async\" src=\"https:\/\/instyledecoparis.com\/wp-content\/uploads\/2021\/09\/library-rendering.jpg\" alt=\"library rendering\" itemprop=\"image\" height=\"1080\" width=\"1172\" title=\"library rendering\" onerror=\"this.style.display='none'\"  \/>\n\t\t\t\t<p>Nous pouvons \u00e9galement r\u00e9aliser sur demande des animations 3D et des visites virtuelles 360\u00b0 pour tablettes.<\/p>\n\t\t\t<a href=\"https:\/\/instyledecoparis.com\/fr\/contact\/\" target=\"_self\" role=\"button\" aria-label=\"Contact Us\" rel=\"noopener\">\n\t\t\t\t\t\t\tContact Us\n\t\t<\/a>\n\n","protected":false},"excerpt":{"rendered":"<p>Instyle Deco Paris <a  href=\"https:\/\/instyledecoparis.com\/fr\/portfolio\/3d-interior-design\/\">3D Interior Design<\/a> Apr\u00e8s la consultation initiale et la prise de l&rsquo;ensemble des cotations ainsi que les d\u00e9tails de votre espace int\u00e9rieur, de vos choix en mati\u00e8re de d\u00e9coration, nous allons commencer la mise en plan 2D de la partie second \u0153uvre : murs, cloisons, menuiseries, portes, fen\u00eatres, le sol, le plafond. [&hellip;]<\/p>\n","protected":false},"author":1,"featured_media":0,"parent":0,"menu_order":0,"comment_status":"closed","ping_status":"closed","template":"","meta":{"_seopress_robots_primary_cat":"","_seopress_titles_title":"Services de rendu 3D pour les projets de design | Instyle Deco Paris","_seopress_titles_desc":"Chez Instyle Deco Paris, nous fournissons les meilleurs services de rendu 3D pour vous aider \u00e0 cr\u00e9er un beau projet de design. Appelez-nous d\u00e8s maintenant au 08-8751-6792","_seopress_robots_index":"","site-sidebar-layout":"default","site-content-layout":"default","ast-site-content-layout":"default","site-content-style":"default","site-sidebar-style":"default","ast-global-header-display":"","ast-banner-title-visibility":"","ast-main-header-display":"","ast-hfb-above-header-display":"","ast-hfb-below-header-display":"","ast-hfb-mobile-header-display":"","site-post-title":"disabled","ast-breadcrumbs-content":"","ast-featured-img":"","footer-sml-layout":"","ast-disable-related-posts":"","theme-transparent-header-meta":"default","adv-header-id-meta":"","stick-header-meta":"default","header-above-stick-meta":"","header-main-stick-meta":"","header-below-stick-meta":"","astra-migrate-meta-layouts":"default","ast-page-background-enabled":"default","ast-page-background-meta":{"desktop":{"background-color":"","background-image":"","background-repeat":"repeat","background-position":"center center","background-size":"auto","background-attachment":"scroll","background-type":"","background-media":"","overlay-type":"","overlay-color":"","overlay-opacity":"","overlay-gradient":""},"tablet":{"background-color":"","background-image":"","background-repeat":"repeat","background-position":"center center","background-size":"auto","background-attachment":"scroll","background-type":"","background-media":"","overlay-type":"","overlay-color":"","overlay-opacity":"","overlay-gradient":""},"mobile":{"background-color":"","background-image":"","background-repeat":"repeat","background-position":"center center","background-size":"auto","background-attachment":"scroll","background-type":"","background-media":"","overlay-type":"","overlay-color":"","overlay-opacity":"","overlay-gradient":""}},"ast-content-background-meta":{"desktop":{"background-color":"var(--ast-global-color-5)","background-image":"","background-repeat":"repeat","background-position":"center center","background-size":"auto","background-attachment":"scroll","background-type":"","background-media":"","overlay-type":"","overlay-color":"","overlay-opacity":"","overlay-gradient":""},"tablet":{"background-color":"var(--ast-global-color-5)","background-image":"","background-repeat":"repeat","background-position":"center center","background-size":"auto","background-attachment":"scroll","background-type":"","background-media":"","overlay-type":"","overlay-color":"","overlay-opacity":"","overlay-gradient":""},"mobile":{"background-color":"var(--ast-global-color-5)","background-image":"","background-repeat":"repeat","background-position":"center center","background-size":"auto","background-attachment":"scroll","background-type":"","background-media":"","overlay-type":"","overlay-color":"","overlay-opacity":"","overlay-gradient":""}},"footnotes":""},"class_list":["post-1286","page","type-page","status-publish","hentry"],"_links":{"self":[{"href":"https:\/\/instyledecoparis.com\/fr\/wp-json\/wp\/v2\/pages\/1286","targetHints":{"allow":["GET"]}}],"collection":[{"href":"https:\/\/instyledecoparis.com\/fr\/wp-json\/wp\/v2\/pages"}],"about":[{"href":"https:\/\/instyledecoparis.com\/fr\/wp-json\/wp\/v2\/types\/page"}],"author":[{"embeddable":true,"href":"https:\/\/instyledecoparis.com\/fr\/wp-json\/wp\/v2\/users\/1"}],"replies":[{"embeddable":true,"href":"https:\/\/instyledecoparis.com\/fr\/wp-json\/wp\/v2\/comments?post=1286"}],"version-history":[{"count":0,"href":"https:\/\/instyledecoparis.com\/fr\/wp-json\/wp\/v2\/pages\/1286\/revisions"}],"wp:attachment":[{"href":"https:\/\/instyledecoparis.com\/fr\/wp-json\/wp\/v2\/media?parent=1286"}],"curies":[{"name":"wp","href":"https:\/\/api.w.org\/{rel}","templated":true}]}}